{"id":78,"date":"2022-11-16T21:45:37","date_gmt":"2022-11-16T20:45:37","guid":{"rendered":"http:\/\/inicjatywakrasienin.pl\/?page_id=78"},"modified":"2022-11-17T20:33:12","modified_gmt":"2022-11-17T19:33:12","slug":"projekty-i-zajecia-stale","status":"publish","type":"page","link":"http:\/\/inicjatywakrasienin.pl\/index.php\/projekty-i-zajecia-stale\/","title":{"rendered":"Projekty i zaj\u0119cia sta\u0142e"},"content":{"rendered":"\n<div class=\"wp-block-columns is-layout-flex wp-container-core-columns-is-layout-9d6595d7 wp-block-columns-is-layout-flex\">\n<div class=\"wp-block-column is-layout-flow wp-block-column-is-layout-flow\">\n<h2 class=\"wp-block-heading\" style=\"font-style:normal;font-weight:700\"><strong>Projekty <\/strong><\/h2>\n\n\n\n<pre class=\"wp-block-verse\"><strong>Remont \u015bwietlicy<\/strong><\/pre>\n\n\n\n<figure class=\"wp-block-image size-full\"><a href=\"http:\/\/inicjatywakrasienin.pl\/wp-content\/uploads\/2022\/11\/tablica-informacyjna-na-stone.jpg\"><img loading=\"lazy\" decoding=\"async\" width=\"2339\" height=\"1654\" src=\"http:\/\/inicjatywakrasienin.pl\/wp-content\/uploads\/2022\/11\/tablica-informacyjna-na-stone.jpg\" alt=\"\" class=\"wp-image-90\" srcset=\"http:\/\/inicjatywakrasienin.pl\/wp-content\/uploads\/2022\/11\/tablica-informacyjna-na-stone.jpg 2339w, http:\/\/inicjatywakrasienin.pl\/wp-content\/uploads\/2022\/11\/tablica-informacyjna-na-stone-300x212.jpg 300w, http:\/\/inicjatywakrasienin.pl\/wp-content\/uploads\/2022\/11\/tablica-informacyjna-na-stone-1024x724.jpg 1024w, http:\/\/inicjatywakrasienin.pl\/wp-content\/uploads\/2022\/11\/tablica-informacyjna-na-stone-768x543.jpg 768w, http:\/\/inicjatywakrasienin.pl\/wp-content\/uploads\/2022\/11\/tablica-informacyjna-na-stone-1536x1086.jpg 1536w, http:\/\/inicjatywakrasienin.pl\/wp-content\/uploads\/2022\/11\/tablica-informacyjna-na-stone-2048x1448.jpg 2048w\" sizes=\"auto, (max-width: 2339px) 100vw, 2339px\" \/><\/a><\/figure>\n\n\n\n<p><strong>Przyjazna woda dla ka\u017cdego ucznia &#8211; nauka p\u0142ywania dla uczni\u00f3w klas I-III <\/strong><\/p>\n\n\n\n<figure class=\"wp-block-gallery has-nested-images columns-default is-cropped wp-block-gallery-1 is-layout-flex wp-block-gallery-is-layout-flex\">\n<figure class=\"wp-block-image size-large\"><img loading=\"lazy\" decoding=\"async\" width=\"439\" height=\"110\" data-id=\"80\" src=\"http:\/\/inicjatywakrasienin.pl\/wp-content\/uploads\/2022\/11\/ministersto_sportu.png\" alt=\"\" class=\"wp-image-80\" srcset=\"http:\/\/inicjatywakrasienin.pl\/wp-content\/uploads\/2022\/11\/ministersto_sportu.png 439w, http:\/\/inicjatywakrasienin.pl\/wp-content\/uploads\/2022\/11\/ministersto_sportu-300x75.png 300w\" sizes=\"auto, (max-width: 439px) 100vw, 439px\" \/><\/figure>\n<\/figure>\n\n\n\n<p style=\"font-style:normal;font-weight:300;text-transform:capitalize\"><strong>Stowarzyszenie Spo\u0142eczna Inicjatywa Krasienina i Okolic im. Ireny Kosmowskiej <\/strong>realizuje program wsp\u00f3\u0142finansowany ze \u015brodk\u00f3w Funduszu Zaj\u0119\u0107 Sportowych dla Uczni\u00f3w w ramach dotacji Ministerstwa Sportu i Turystyki. Projekt skierowany jest do uczni\u00f3w klas I-III szk\u00f3\u0142 podstawowych z terenu Gminy Niemce.<\/p>\n\n\n\n<p style=\"font-style:normal;font-weight:300;text-transform:capitalize\">Najwa\u017cniejszym celem projektu jest krzewienie kultury fizycznej w\u015br\u00f3d dzieci z terenu Gminy Niemce oraz wychowywanie dzieci przez kultur\u0119 fizyczn\u0105 i sport. Zadanie publiczne zostanie zrealizowane w formie zaj\u0119\u0107 na basenie, po\u015bwi\u0119conych g\u0142\u00f3wnie nauce p\u0142ywania dla pocz\u0105tkuj\u0105cych oraz utrwaleniu tych umiej\u0119tno\u015bci dla dzieci, kt\u00f3re naby\u0142y ju\u017c podstawy p\u0142ywania.<\/p>\n\n\n\n<p style=\"font-style:normal;font-weight:300;text-transform:capitalize\">Zaj\u0119cia b\u0119d\u0105 odbywa\u0142y si\u0119 w okresie od 13.02.2016 r. do 30.06.2016 r. w ka\u017cd\u0105 sobot\u0119 w <strong>Szkole Nauki P\u0142ywania \u201eDelfin\u201d <\/strong>na p\u0142ywalni przy ul. Rado\u015bci 13 w Lublinie. Prowadzone b\u0119d\u0105 przez wykwalifikowanych instruktor\u00f3w nauki p\u0142ywania i utytu\u0142owanych sportowcach na zawodach o randze europejskiej i mi\u0119dzynarodowej.<\/p>\n\n\n\n<p style=\"font-style:normal;font-weight:300;text-transform:capitalize\">Rekrutacja zosta\u0142a przeprowadzona w lutym 2016 r. przez wolontariuszy b\u0119d\u0105cymi cz\u0142onkami Stowarzyszenia pomi\u0119dzy uczniami ze Szko\u0142y Podstawowej w Nasutowie oraz Zespole Szk\u00f3\u0142 w Krasieninie.<\/p>\n\n\n\n<p style=\"font-style:normal;font-weight:300;text-transform:capitalize\">Podczas naboru ch\u0119tnych brane by\u0142y pod uwag\u0119 w pierwszej kolejno\u015bci dzieci z rodzin wielodzietnych, wychowywanych przez samotnych opiekun\u00f3w, o niskim statusie spo\u0142ecznym, pochodz\u0105cych ze \u015brodowisk o podwy\u017cszonym ryzyku uzale\u017cnie\u0144.<\/p>\n\n\n\n<p style=\"font-style:normal;font-weight:300;text-transform:capitalize\">Do projektu zosta\u0142o zakwalifikowanych 39 uczni\u00f3w \u2013 19 ch\u0142opc\u00f3w i 20 dziewczynek. Udzia\u0142 w projekcie jest ca\u0142kowicie bezp\u0142atny dla uczestnik\u00f3w.<\/p>\n\n\n\n<p style=\"font-style:normal;font-weight:300;text-transform:capitalize\">&nbsp;&nbsp;&nbsp;&nbsp;&nbsp;&nbsp;&nbsp;&nbsp;&nbsp;&nbsp;&nbsp; Realizacja projektu przyczyni si\u0119 m.in. do aktywacji sportu i aktywnego sp\u0119dzania wolnego czasu w\u015br\u00f3d najm\u0142odszych oraz korzystnie wp\u0142ynie na integracj\u0119 spo\u0142eczn\u0105 dzieci z r\u00f3\u017cnych \u015brodowisk.<\/p>\n<\/div>\n\n\n\n<div class=\"wp-block-column is-layout-flow wp-block-column-is-layout-flow\">\n<h2 class=\"wp-block-heading\" style=\"font-style:normal;font-weight:700\">Zaj\u0119cia sta\u0142e<\/h2>\n\n\n\n<p>Zaj\u0119cia Karate <\/p>\n\n\n\n<p>Zesp\u00f3\u0142 muzyczny<\/p>\n\n\n\n<p>Schola dzieci\u0119ca <\/p>\n\n\n\n<p>Ch\u00f3r <\/p>\n\n\n\n<p>Fitness<\/p>\n\n\n\n<p style=\"font-style:normal;font-weight:700\">Zaj\u0119cia plastyczne dla dzieci<\/p>\n\n\n\n<figure class=\"wp-block-gallery has-nested-images columns-default is-cropped wp-block-gallery-2 is-layout-flex wp-block-gallery-is-layout-flex\">\n<figure class=\"wp-block-image size-large\"><img loading=\"lazy\" decoding=\"async\" width=\"724\" height=\"1024\" data-id=\"81\" src=\"http:\/\/inicjatywakrasienin.pl\/wp-content\/uploads\/2022\/11\/Zajecia-plastyczne-724x1024.jpg\" alt=\"\" class=\"wp-image-81\" srcset=\"http:\/\/inicjatywakrasienin.pl\/wp-content\/uploads\/2022\/11\/Zajecia-plastyczne-724x1024.jpg 724w, http:\/\/inicjatywakrasienin.pl\/wp-content\/uploads\/2022\/11\/Zajecia-plastyczne-212x300.jpg 212w, http:\/\/inicjatywakrasienin.pl\/wp-content\/uploads\/2022\/11\/Zajecia-plastyczne-768x1086.jpg 768w, http:\/\/inicjatywakrasienin.pl\/wp-content\/uploads\/2022\/11\/Zajecia-plastyczne-1086x1536.jpg 1086w, http:\/\/inicjatywakrasienin.pl\/wp-content\/uploads\/2022\/11\/Zajecia-plastyczne.jpg 1448w\" sizes=\"auto, (max-width: 724px) 100vw, 724px\" \/><\/figure>\n<\/figure>\n\n\n\n<p style=\"font-style:normal;font-weight:700\">Zaj\u0119cia taneczne dla dzieci<\/p>\n\n\n\n<figure class=\"wp-block-gallery has-nested-images columns-default is-cropped wp-block-gallery-3 is-layout-flex wp-block-gallery-is-layout-flex\">\n<figure class=\"wp-block-image size-large\"><img loading=\"lazy\" decoding=\"async\" width=\"679\" height=\"960\" data-id=\"82\" src=\"http:\/\/inicjatywakrasienin.pl\/wp-content\/uploads\/2022\/11\/Zajecia-taneczne.jpg\" alt=\"\" class=\"wp-image-82\" srcset=\"http:\/\/inicjatywakrasienin.pl\/wp-content\/uploads\/2022\/11\/Zajecia-taneczne.jpg 679w, http:\/\/inicjatywakrasienin.pl\/wp-content\/uploads\/2022\/11\/Zajecia-taneczne-212x300.jpg 212w\" sizes=\"auto, (max-width: 679px) 100vw, 679px\" \/><\/figure>\n<\/figure>\n<\/div>\n<\/div>\n","protected":false},"excerpt":{"rendered":"<p>Projekty Remont \u015bwietlicy Przyjazna woda dla ka\u017cdego ucznia &#8211; nauka p\u0142ywania dla uczni\u00f3w klas I-III Stowarzyszenie Spo\u0142eczna Inicjatywa Krasienina i Okolic im. Ireny Kosmowskiej realizuje program wsp\u00f3\u0142finansowany ze \u015brodk\u00f3w Funduszu Zaj\u0119\u0107 Sportowych dla Uczni\u00f3w w ramach dotacji Ministerstwa Sportu i Turystyki. Projekt skierowany jest do uczni\u00f3w klas I-III szk\u00f3\u0142 podstawowych z terenu Gminy Niemce. Najwa\u017cniejszym celem projektu jest krzewienie kultury fizycznej w\u015br\u00f3d dzieci z terenu Gminy Niemce oraz wychowywanie dzieci przez kultur\u0119 fizyczn\u0105 i sport.&hellip; <\/p>\n","protected":false},"author":2,"featured_media":0,"parent":0,"menu_order":0,"comment_status":"closed","ping_status":"closed","template":"","meta":{"ngg_post_thumbnail":0,"footnotes":""},"class_list":["post-78","page","type-page","status-publish","hentry"],"_links":{"self":[{"href":"http:\/\/inicjatywakrasienin.pl\/index.php\/wp-json\/wp\/v2\/pages\/78","targetHints":{"allow":["GET"]}}],"collection":[{"href":"http:\/\/inicjatywakrasienin.pl\/index.php\/wp-json\/wp\/v2\/pages"}],"about":[{"href":"http:\/\/inicjatywakrasienin.pl\/index.php\/wp-json\/wp\/v2\/types\/page"}],"author":[{"embeddable":true,"href":"http:\/\/inicjatywakrasienin.pl\/index.php\/wp-json\/wp\/v2\/users\/2"}],"replies":[{"embeddable":true,"href":"http:\/\/inicjatywakrasienin.pl\/index.php\/wp-json\/wp\/v2\/comments?post=78"}],"version-history":[{"count":17,"href":"http:\/\/inicjatywakrasienin.pl\/index.php\/wp-json\/wp\/v2\/pages\/78\/revisions"}],"predecessor-version":[{"id":132,"href":"http:\/\/inicjatywakrasienin.pl\/index.php\/wp-json\/wp\/v2\/pages\/78\/revisions\/132"}],"wp:attachment":[{"href":"http:\/\/inicjatywakrasienin.pl\/index.php\/wp-json\/wp\/v2\/media?parent=78"}],"curies":[{"name":"wp","href":"https:\/\/api.w.org\/{rel}","templated":true}]}}